{"id":34,"date":"2021-03-25T14:19:01","date_gmt":"2021-03-25T13:19:01","guid":{"rendered":"http:\/\/com44.ifcstetienne.fr\/wp_alice\/?page_id=34"},"modified":"2021-04-16T14:34:15","modified_gmt":"2021-04-16T12:34:15","slug":"qui-sommes-nous","status":"publish","type":"page","link":"https:\/\/com44.ifcstetienne.fr\/wp_alice\/","title":{"rendered":"Qui sommes nous?"},"content":{"rendered":"\n<p class=\"has-text-align-right\" style=\"font-size:70px\"><strong>NOUS SOMMES &#8230;<\/strong><\/p>\n\n\n\n<figure class=\"wp-block-image size-large is-resized\"><img loading=\"lazy\" decoding=\"async\" src=\"http:\/\/com44.ifcstetienne.fr\/wp_alice\/wp-content\/uploads\/2021\/04\/Moi-1024x768.jpg\" alt=\"\" class=\"wp-image-95\" width=\"607\" height=\"454\" srcset=\"https:\/\/com44.ifcstetienne.fr\/wp_alice\/wp-content\/uploads\/2021\/04\/Moi-1024x768.jpg 1024w, https:\/\/com44.ifcstetienne.fr\/wp_alice\/wp-content\/uploads\/2021\/04\/Moi-300x225.jpg 300w, https:\/\/com44.ifcstetienne.fr\/wp_alice\/wp-content\/uploads\/2021\/04\/Moi-768x576.jpg 768w, https:\/\/com44.ifcstetienne.fr\/wp_alice\/wp-content\/uploads\/2021\/04\/Moi-1536x1152.jpg 1536w, https:\/\/com44.ifcstetienne.fr\/wp_alice\/wp-content\/uploads\/2021\/04\/Moi-1568x1176.jpg 1568w, https:\/\/com44.ifcstetienne.fr\/wp_alice\/wp-content\/uploads\/2021\/04\/Moi.jpg 2048w\" sizes=\"auto, (max-width: 607px) 100vw, 607px\" \/><figcaption>Je m&rsquo;appelle <strong>Alice JUBAN<\/strong>, j&rsquo;ai <strong>23<\/strong> ans et j&rsquo;habite \u00e0 <strong>Saint-Etienne<\/strong> depuis le d\u00e9but de mes \u00e9tudes, c&rsquo;est-\u00e0-dire il y a 4 ans. J&rsquo;ai termin\u00e9 mes \u00e9tudes et d\u00e9cid\u00e9 de prendre un tournant dans ma vie, <em><strong>cr\u00e9er ma propre entreprise, mon r\u00eave depuis enfant<\/strong><\/em>. La communication, l&rsquo;\u00e9v\u00e8nementiel, la mode et l&rsquo;envie de rencontrer des gens aussi passionn\u00e9s s&rsquo;est impos\u00e9 \u00e0 moi, <em>comme une \u00e9vidence<\/em>.<\/figcaption><\/figure>\n\n\n\n<p class=\"has-text-align-center\">L&rsquo;objectif de <em>Malice<\/em> ? <\/p>\n\n\n\n<p class=\"has-text-align-center\">Proposer des \u00e9v\u00e8nements vide dressing pour TOUS ! <strong><em>Mini prix, vintage, luxe, sp\u00e9cial enfant et tendance du moment<\/em><\/strong>, tous les th\u00e8mes possibles et disponibles !<\/p>\n\n\n\n<p class=\"has-text-align-center\">Un petit aper\u00e7u des \u00e9v\u00e8nements d\u00e9j\u00e0 organis\u00e9s ?<\/p>\n\n\n\n<figure class=\"wp-block-image size-large\"><img loading=\"lazy\" decoding=\"async\" width=\"699\" height=\"705\" src=\"http:\/\/com44.ifcstetienne.fr\/wp_alice\/wp-content\/uploads\/2021\/04\/vide-dressing-2.png\" alt=\"\" class=\"wp-image-97\" srcset=\"https:\/\/com44.ifcstetienne.fr\/wp_alice\/wp-content\/uploads\/2021\/04\/vide-dressing-2.png 699w, https:\/\/com44.ifcstetienne.fr\/wp_alice\/wp-content\/uploads\/2021\/04\/vide-dressing-2-297x300.png 297w, https:\/\/com44.ifcstetienne.fr\/wp_alice\/wp-content\/uploads\/2021\/04\/vide-dressing-2-150x150.png 150w\" sizes=\"auto, (max-width: 699px) 100vw, 699px\" \/><\/figure>\n\n\n\n<figure class=\"wp-block-image size-large\"><img loading=\"lazy\" decoding=\"async\" width=\"640\" height=\"960\" src=\"http:\/\/com44.ifcstetienne.fr\/wp_alice\/wp-content\/uploads\/2021\/04\/vide-dressing-3.jpg\" alt=\"\" class=\"wp-image-98\" srcset=\"https:\/\/com44.ifcstetienne.fr\/wp_alice\/wp-content\/uploads\/2021\/04\/vide-dressing-3.jpg 640w, https:\/\/com44.ifcstetienne.fr\/wp_alice\/wp-content\/uploads\/2021\/04\/vide-dressing-3-200x300.jpg 200w\" sizes=\"auto, (max-width: 640px) 100vw, 640px\" \/><\/figure>\n\n\n\n<figure class=\"wp-block-image size-large\"><img loading=\"lazy\" decoding=\"async\" width=\"804\" height=\"537\" src=\"http:\/\/com44.ifcstetienne.fr\/wp_alice\/wp-content\/uploads\/2021\/04\/vide-dressing-4.jpg\" alt=\"\" class=\"wp-image-99\" srcset=\"https:\/\/com44.ifcstetienne.fr\/wp_alice\/wp-content\/uploads\/2021\/04\/vide-dressing-4.jpg 804w, https:\/\/com44.ifcstetienne.fr\/wp_alice\/wp-content\/uploads\/2021\/04\/vide-dressing-4-300x200.jpg 300w, https:\/\/com44.ifcstetienne.fr\/wp_alice\/wp-content\/uploads\/2021\/04\/vide-dressing-4-768x513.jpg 768w\" sizes=\"auto, (max-width: 804px) 100vw, 804px\" \/><\/figure>\n\n\n\n<figure class=\"wp-block-image size-large\"><img loading=\"lazy\" decoding=\"async\" width=\"800\" height=\"534\" src=\"http:\/\/com44.ifcstetienne.fr\/wp_alice\/wp-content\/uploads\/2021\/04\/vide-dressing-5.jpg\" alt=\"\" class=\"wp-image-100\" srcset=\"https:\/\/com44.ifcstetienne.fr\/wp_alice\/wp-content\/uploads\/2021\/04\/vide-dressing-5.jpg 800w, https:\/\/com44.ifcstetienne.fr\/wp_alice\/wp-content\/uploads\/2021\/04\/vide-dressing-5-300x200.jpg 300w, https:\/\/com44.ifcstetienne.fr\/wp_alice\/wp-content\/uploads\/2021\/04\/vide-dressing-5-768x513.jpg 768w\" sizes=\"auto, (max-width: 800px) 100vw, 800px\" \/><\/figure>\n","protected":false},"excerpt":{"rendered":"<p>NOUS SOMMES &#8230; L&rsquo;objectif de Malice ? Proposer des \u00e9v\u00e8nements vide dressing pour TOUS ! Mini prix, vintage, luxe, sp\u00e9cial enfant et tendance du moment, tous les th\u00e8mes possibles et disponibles ! Un petit aper\u00e7u des \u00e9v\u00e8nements d\u00e9j\u00e0 organis\u00e9s ?<\/p>\n","protected":false},"author":1,"featured_media":0,"parent":0,"menu_order":0,"comment_status":"closed","ping_status":"closed","template":"","meta":{"footnotes":""},"class_list":["post-34","page","type-page","status-publish","hentry","entry"],"_links":{"self":[{"href":"https:\/\/com44.ifcstetienne.fr\/wp_alice\/wp-json\/wp\/v2\/pages\/34","targetHints":{"allow":["GET"]}}],"collection":[{"href":"https:\/\/com44.ifcstetienne.fr\/wp_alice\/wp-json\/wp\/v2\/pages"}],"about":[{"href":"https:\/\/com44.ifcstetienne.fr\/wp_alice\/wp-json\/wp\/v2\/types\/page"}],"author":[{"embeddable":true,"href":"https:\/\/com44.ifcstetienne.fr\/wp_alice\/wp-json\/wp\/v2\/users\/1"}],"replies":[{"embeddable":true,"href":"https:\/\/com44.ifcstetienne.fr\/wp_alice\/wp-json\/wp\/v2\/comments?post=34"}],"version-history":[{"count":4,"href":"https:\/\/com44.ifcstetienne.fr\/wp_alice\/wp-json\/wp\/v2\/pages\/34\/revisions"}],"predecessor-version":[{"id":101,"href":"https:\/\/com44.ifcstetienne.fr\/wp_alice\/wp-json\/wp\/v2\/pages\/34\/revisions\/101"}],"wp:attachment":[{"href":"https:\/\/com44.ifcstetienne.fr\/wp_alice\/wp-json\/wp\/v2\/media?parent=34"}],"curies":[{"name":"wp","href":"https:\/\/api.w.org\/{rel}","templated":true}]}}