{"id":32,"date":"2021-03-25T14:19:48","date_gmt":"2021-03-25T13:19:48","guid":{"rendered":"http:\/\/com44.ifcstetienne.fr\/wp_margaux\/?page_id=32"},"modified":"2021-04-16T14:13:36","modified_gmt":"2021-04-16T12:13:36","slug":"qui-sommes-nous","status":"publish","type":"page","link":"https:\/\/com44.ifcstetienne.fr\/wp_margaux\/qui-sommes-nous\/","title":{"rendered":"Qui suis-je ?"},"content":{"rendered":"\n<p>Je suis une jeune femme de 25 ans qui aime la vie et d\u00e9couvrir le monde. Je suis passionn\u00e9e par les voyages et les cultures des diff\u00e9rents pays.<\/p>\n\n\n\n<p>De par mes \u00e9tudes j&rsquo;ai d\u00e9couvert le tourisme et le monde \u00e0 travers mes diff\u00e9rents stages.<\/p>\n\n\n\n<figure class=\"wp-block-image size-large is-resized\"><img loading=\"lazy\" decoding=\"async\" src=\"http:\/\/com44.ifcstetienne.fr\/wp_margaux\/wp-content\/uploads\/2021\/04\/te\u0301le\u0301chargement-3.jpeg\" alt=\"\" class=\"wp-image-110\" width=\"369\" height=\"246\" srcset=\"https:\/\/com44.ifcstetienne.fr\/wp_margaux\/wp-content\/uploads\/2021\/04\/te\u0301le\u0301chargement-3.jpeg 275w, https:\/\/com44.ifcstetienne.fr\/wp_margaux\/wp-content\/uploads\/2021\/04\/te\u0301le\u0301chargement-3-90x60.jpeg 90w\" sizes=\"auto, (max-width: 369px) 100vw, 369px\" \/><\/figure>\n","protected":false},"excerpt":{"rendered":"<p>Je suis une jeune femme de 25 ans qui aime la vie et d\u00e9couvrir le monde. Je suis passionn\u00e9e par les voyages et les cultures des diff\u00e9rents pays. De par mes \u00e9tudes j&rsquo;ai d\u00e9couvert le tourisme et le monde \u00e0 travers mes diff\u00e9rents stages.<\/p>\n","protected":false},"author":1,"featured_media":0,"parent":0,"menu_order":0,"comment_status":"closed","ping_status":"closed","template":"","meta":{"footnotes":""},"class_list":["post-32","page","type-page","status-publish","hentry"],"_links":{"self":[{"href":"https:\/\/com44.ifcstetienne.fr\/wp_margaux\/wp-json\/wp\/v2\/pages\/32","targetHints":{"allow":["GET"]}}],"collection":[{"href":"https:\/\/com44.ifcstetienne.fr\/wp_margaux\/wp-json\/wp\/v2\/pages"}],"about":[{"href":"https:\/\/com44.ifcstetienne.fr\/wp_margaux\/wp-json\/wp\/v2\/types\/page"}],"author":[{"embeddable":true,"href":"https:\/\/com44.ifcstetienne.fr\/wp_margaux\/wp-json\/wp\/v2\/users\/1"}],"replies":[{"embeddable":true,"href":"https:\/\/com44.ifcstetienne.fr\/wp_margaux\/wp-json\/wp\/v2\/comments?post=32"}],"version-history":[{"count":2,"href":"https:\/\/com44.ifcstetienne.fr\/wp_margaux\/wp-json\/wp\/v2\/pages\/32\/revisions"}],"predecessor-version":[{"id":111,"href":"https:\/\/com44.ifcstetienne.fr\/wp_margaux\/wp-json\/wp\/v2\/pages\/32\/revisions\/111"}],"wp:attachment":[{"href":"https:\/\/com44.ifcstetienne.fr\/wp_margaux\/wp-json\/wp\/v2\/media?parent=32"}],"curies":[{"name":"wp","href":"https:\/\/api.w.org\/{rel}","templated":true}]}}