{"id":40,"date":"2021-03-25T14:33:59","date_gmt":"2021-03-25T13:33:59","guid":{"rendered":"http:\/\/com44.ifcstetienne.fr\/wp_margaux\/?page_id=40"},"modified":"2021-04-16T14:09:34","modified_gmt":"2021-04-16T12:09:34","slug":"notre-equipe","status":"publish","type":"page","link":"https:\/\/com44.ifcstetienne.fr\/wp_margaux\/notre-equipe\/","title":{"rendered":"Mon \u00e9quipe"},"content":{"rendered":"\n<p>Mon \u00e9quipe se compose de moi-m\u00eame et de mon ami qui m&rsquo;accompagne dans chacun de mes voyages. Cela me permet de sentir en s\u00e9curit\u00e9 et de pouvoir partager des choses ensemble. C&rsquo;est plus sympa de partir \u00e0 deux ! <\/p>\n\n\n\n<figure class=\"wp-block-image size-large is-resized\"><img loading=\"lazy\" decoding=\"async\" src=\"http:\/\/com44.ifcstetienne.fr\/wp_margaux\/wp-content\/uploads\/2021\/04\/te\u0301le\u0301chargement-2.jpeg\" alt=\"\" class=\"wp-image-105\" width=\"561\" height=\"373\" srcset=\"https:\/\/com44.ifcstetienne.fr\/wp_margaux\/wp-content\/uploads\/2021\/04\/te\u0301le\u0301chargement-2.jpeg 275w, https:\/\/com44.ifcstetienne.fr\/wp_margaux\/wp-content\/uploads\/2021\/04\/te\u0301le\u0301chargement-2-90x60.jpeg 90w\" sizes=\"auto, (max-width: 561px) 100vw, 561px\" \/><\/figure>\n","protected":false},"excerpt":{"rendered":"<p>Mon \u00e9quipe se compose de moi-m\u00eame et de mon ami qui m&rsquo;accompagne dans chacun de mes voyages. Cela me permet de sentir en s\u00e9curit\u00e9 et de pouvoir partager des choses ensemble. C&rsquo;est plus sympa de partir \u00e0 deux !<\/p>\n","protected":false},"author":1,"featured_media":0,"parent":0,"menu_order":0,"comment_status":"closed","ping_status":"closed","template":"","meta":{"footnotes":""},"class_list":["post-40","page","type-page","status-publish","hentry"],"_links":{"self":[{"href":"https:\/\/com44.ifcstetienne.fr\/wp_margaux\/wp-json\/wp\/v2\/pages\/40","targetHints":{"allow":["GET"]}}],"collection":[{"href":"https:\/\/com44.ifcstetienne.fr\/wp_margaux\/wp-json\/wp\/v2\/pages"}],"about":[{"href":"https:\/\/com44.ifcstetienne.fr\/wp_margaux\/wp-json\/wp\/v2\/types\/page"}],"author":[{"embeddable":true,"href":"https:\/\/com44.ifcstetienne.fr\/wp_margaux\/wp-json\/wp\/v2\/users\/1"}],"replies":[{"embeddable":true,"href":"https:\/\/com44.ifcstetienne.fr\/wp_margaux\/wp-json\/wp\/v2\/comments?post=40"}],"version-history":[{"count":4,"href":"https:\/\/com44.ifcstetienne.fr\/wp_margaux\/wp-json\/wp\/v2\/pages\/40\/revisions"}],"predecessor-version":[{"id":107,"href":"https:\/\/com44.ifcstetienne.fr\/wp_margaux\/wp-json\/wp\/v2\/pages\/40\/revisions\/107"}],"wp:attachment":[{"href":"https:\/\/com44.ifcstetienne.fr\/wp_margaux\/wp-json\/wp\/v2\/media?parent=40"}],"curies":[{"name":"wp","href":"https:\/\/api.w.org\/{rel}","templated":true}]}}